{"id":8768,"date":"2023-03-17T17:37:00","date_gmt":"2023-03-17T17:37:00","guid":{"rendered":"https:\/\/fogito.com\/succes\/"},"modified":"2023-09-13T16:04:52","modified_gmt":"2023-09-13T16:04:52","slug":"succes","status":"publish","type":"page","link":"https:\/\/fogito.com\/da\/succes\/","title":{"rendered":"Succes"},"content":{"rendered":"\t\t<div data-elementor-type=\"wp-page\" data-elementor-id=\"8768\" class=\"elementor elementor-8768 elementor-8401\" data-elementor-post-type=\"page\">\n\t\t\t\t<div class=\"elementor-element elementor-element-7c0d132 e-flex e-con-boxed e-con e-parent\" data-id=\"7c0d132\" data-element_type=\"container\">\n\t\t\t\t\t<div class=\"e-con-inner\">\n\t\t\t\t<div class=\"elementor-element elementor-element-fe57d96 elementor-widget elementor-widget-heading\" data-id=\"fe57d96\" data-element_type=\"widget\" data-widget_type=\"heading.default\">\n\t\t\t\t<div class=\"elementor-widget-container\">\n\t\t\t\t\t<h2 class=\"elementor-heading-title elementor-size-default\">\ud83c\udf89 Tillykke og velkommen til Fogito! \ud83c\udf89<\/h2>\t\t\t\t<\/div>\n\t\t\t\t<\/div>\n\t\t\t\t\t<\/div>\n\t\t\t\t<\/div>\n\t\t<div class=\"elementor-element elementor-element-0c90b38 e-flex e-con-boxed e-con e-parent\" data-id=\"0c90b38\" data-element_type=\"container\">\n\t\t\t\t\t<div class=\"e-con-inner\">\n\t\t\t\t<div class=\"elementor-element elementor-element-5387297 elementor-widget elementor-widget-hub_fancy_heading\" data-id=\"5387297\" data-element_type=\"widget\" data-widget_type=\"hub_fancy_heading.default\">\n\t\t\t\t<div class=\"elementor-widget-container\">\n\t\t\t\t\t\n\t\t<div id=\"ld-fancy-heading-69f47d6cc1008\" class=\"ld-fancy-heading pos-rel\">\n\t\t\t<p class=\"ld-fh-element d-inline-block pos-rel  lqd-highlight-classic lqd-highlight-grow-left p\"  > Du har tilmeldt dig Fogito, din ultimative cloud-baserede softwarel\u00f8sning. Vi er begejstrede for at have dig med ombord og kan ikke vente med at hj\u00e6lpe dig med at n\u00e5 dine m\u00e5l.<\/p>\t\t<\/div>\n\n\t\t\t\t\t\t<\/div>\n\t\t\t\t<\/div>\n\t\t\t\t<div class=\"elementor-element elementor-element-6e63757 elementor-align-center elementor-widget elementor-widget-ld_button\" data-id=\"6e63757\" data-element_type=\"widget\" data-widget_type=\"ld_button.default\">\n\t\t\t\t<div class=\"elementor-widget-container\">\n\t\t\t\t\t\n\t\t\t<a\n\t\t\t\thref=\"https:\/\/app.fogito.com\"class=\"elementor-button btn btn-solid btn-icon-shaped btn-has-label\"\t\t\t>\n\t\t\t\t\t\t\t\t\t<span data-text=\"Adgang til mit dashboard\" class=\"btn-txt\">\n\t\t\t\t\t\tAdgang til mit dashboard\t\t\t\t\t<\/span>\n\t\t\t\t\t\t\t\t\t\t\t<\/a>\n\t\t\t\t\t\t\t<\/div>\n\t\t\t\t<\/div>\n\t\t\t\t<div class=\"elementor-element elementor-element-a735bf0 elementor-widget elementor-widget-hub_fancy_heading\" data-id=\"a735bf0\" data-element_type=\"widget\" data-widget_type=\"hub_fancy_heading.default\">\n\t\t\t\t<div class=\"elementor-widget-container\">\n\t\t\t\t\t\n\t\t<div id=\"ld-fancy-heading-69f47d6cc3a3e\" class=\"ld-fancy-heading pos-rel\">\n\t\t\t<p class=\"ld-fh-element d-inline-block pos-rel  lqd-highlight-classic lqd-highlight-grow-left p\"  > Vi gl\u00e6der os til at v\u00e6re en del af din rejse mod succes. Velkommen til Fogito-familien!\n<br><br>\nGod forn\u00f8jelse med udforskningen! \ud83d\ude80<\/p>\t\t<\/div>\n\n\t\t\t\t\t\t<\/div>\n\t\t\t\t<\/div>\n\t\t\t\t\t<\/div>\n\t\t\t\t<\/div>\n\t\t\t\t<\/div>\n\t\t","protected":false},"excerpt":{"rendered":"<p>? Tillykke og velkommen til Fogito! ? Du har tilmeldt dig Fogito, din ultimative cloud-baserede softwarel\u00f8sning. Vi er begejstrede for at have dig med ombord og kan ikke vente med at hj\u00e6lpe dig med at n\u00e5 dine m\u00e5l. Adgang til mit dashboard Vi gl\u00e6der os til at v\u00e6re en del af din rejse mod succes. [&hellip;]<\/p>\n","protected":false},"author":1,"featured_media":0,"parent":0,"menu_order":0,"comment_status":"closed","ping_status":"closed","template":"","meta":{"footnotes":""},"class_list":["post-8768","page","type-page","status-publish","hentry"],"_links":{"self":[{"href":"https:\/\/fogito.com\/da\/wp-json\/wp\/v2\/pages\/8768","targetHints":{"allow":["GET"]}}],"collection":[{"href":"https:\/\/fogito.com\/da\/wp-json\/wp\/v2\/pages"}],"about":[{"href":"https:\/\/fogito.com\/da\/wp-json\/wp\/v2\/types\/page"}],"author":[{"embeddable":true,"href":"https:\/\/fogito.com\/da\/wp-json\/wp\/v2\/users\/1"}],"replies":[{"embeddable":true,"href":"https:\/\/fogito.com\/da\/wp-json\/wp\/v2\/comments?post=8768"}],"version-history":[{"count":1,"href":"https:\/\/fogito.com\/da\/wp-json\/wp\/v2\/pages\/8768\/revisions"}],"predecessor-version":[{"id":8770,"href":"https:\/\/fogito.com\/da\/wp-json\/wp\/v2\/pages\/8768\/revisions\/8770"}],"wp:attachment":[{"href":"https:\/\/fogito.com\/da\/wp-json\/wp\/v2\/media?parent=8768"}],"curies":[{"name":"wp","href":"https:\/\/api.w.org\/{rel}","templated":true}]}}