{"id":8762,"date":"2022-04-10T11:21:51","date_gmt":"2022-04-10T11:21:51","guid":{"rendered":"https:\/\/fogito.com\/eksempel-paa-side\/"},"modified":"2023-09-13T16:04:51","modified_gmt":"2023-09-13T16:04:51","slug":"eksempel-paa-side","status":"publish","type":"page","link":"https:\/\/fogito.com\/da\/eksempel-paa-side\/","title":{"rendered":"Eksempel p\u00e5 side"},"content":{"rendered":"\n<p>Dette er en eksempelside. Det er anderledes end et blogindl\u00e6g, fordi det bliver p\u00e5 \u00e9t sted og vises i navigationen p\u00e5 din hjemmeside (i de fleste temaer). De fleste starter med en Om-side, der pr\u00e6senterer dem for potentielle bes\u00f8gende. Der kan st\u00e5 noget i den stil:<\/p>\n\n<blockquote class=\"wp-block-quote is-layout-flow wp-block-quote-is-layout-flow\"><p>Hej med jer! Jeg er cykelbud om dagen, aspirerende skuespiller om aftenen, og dette er min hjemmeside. Jeg bor i Los Angeles, har en fantastisk hund, der hedder Jack, og jeg kan godt lide pi\u00f1a coladas. (Og at blive fanget i regnen.)<\/p><\/blockquote>\n\n<p>&#8230;eller noget i den stil:<\/p>\n\n<blockquote class=\"wp-block-quote is-layout-flow wp-block-quote-is-layout-flow\"><p>XYZ Doohickey Company blev grundlagt i 1971 og har lige siden leveret doohickeys af h\u00f8j kvalitet til offentligheden. XYZ ligger i Gotham City, besk\u00e6ftiger over 2.000 mennesker og g\u00f8r alle mulige fantastiske ting for Gotham-samfundet.<\/p><\/blockquote>\n\n<p>Som ny WordPress-bruger skal du g\u00e5 til <a href=\"https:\/\/fogito.com\/wp-admin\/\">dit dashboard<\/a> for at slette denne side og oprette nye sider til dit indhold. God forn\u00f8jelse!<\/p>\n","protected":false},"excerpt":{"rendered":"<p>Dette er en eksempelside. Det er anderledes end et blogindl\u00e6g, fordi det bliver p\u00e5 \u00e9t sted og vises i navigationen p\u00e5 din hjemmeside (i de fleste temaer). De fleste starter med en Om-side, der pr\u00e6senterer dem for potentielle bes\u00f8gende. Der kan st\u00e5 noget i den stil: Hej med jer! Jeg er cykelbud om dagen, aspirerende [&hellip;]<\/p>\n","protected":false},"author":1,"featured_media":0,"parent":0,"menu_order":0,"comment_status":"closed","ping_status":"open","template":"","meta":{"footnotes":""},"class_list":["post-8762","page","type-page","status-publish","hentry"],"_links":{"self":[{"href":"https:\/\/fogito.com\/da\/wp-json\/wp\/v2\/pages\/8762","targetHints":{"allow":["GET"]}}],"collection":[{"href":"https:\/\/fogito.com\/da\/wp-json\/wp\/v2\/pages"}],"about":[{"href":"https:\/\/fogito.com\/da\/wp-json\/wp\/v2\/types\/page"}],"author":[{"embeddable":true,"href":"https:\/\/fogito.com\/da\/wp-json\/wp\/v2\/users\/1"}],"replies":[{"embeddable":true,"href":"https:\/\/fogito.com\/da\/wp-json\/wp\/v2\/comments?post=8762"}],"version-history":[{"count":1,"href":"https:\/\/fogito.com\/da\/wp-json\/wp\/v2\/pages\/8762\/revisions"}],"predecessor-version":[{"id":8763,"href":"https:\/\/fogito.com\/da\/wp-json\/wp\/v2\/pages\/8762\/revisions\/8763"}],"wp:attachment":[{"href":"https:\/\/fogito.com\/da\/wp-json\/wp\/v2\/media?parent=8762"}],"curies":[{"name":"wp","href":"https:\/\/api.w.org\/{rel}","templated":true}]}}